{"id":1886,"date":"2026-01-20T12:08:23","date_gmt":"2026-01-20T12:08:23","guid":{"rendered":"https:\/\/sava-spins.com\/app\/"},"modified":"2026-03-17T11:40:54","modified_gmt":"2026-03-17T11:40:54","slug":"aplicacao","status":"publish","type":"page","link":"https:\/\/sava-spins.com\/pt-pt\/aplicacao\/","title":{"rendered":"Aplica\u00e7\u00e3o"},"content":{"rendered":"<h1>Aplica\u00e7\u00e3o do Casino Sava Spin<\/h1>\n<p>A aplica\u00e7\u00e3o de Savaspin \u00e9 uma plataforma m\u00f3vel r\u00e1pida, segura e conveniente que proporciona a experi\u00eancia completa do casino Sava Spin na ponta dos dedos e ir\u00e1 ajud\u00e1-lo a levar a sua pr\u00e1tica de jogo a um n\u00edvel ainda mais elevado. Quer esteja a girar os rolos ou a jogar blackjack, a aplica\u00e7\u00e3o Savaspin oferece acesso instant\u00e2neo e sem interrup\u00e7\u00f5es a milhares de jogos em qualquer lugar a partir do seu dispositivo m\u00f3vel.<\/p>\n<p>A aplica\u00e7\u00e3o de casino online foi totalmente otimizada para garantir um desempenho ideal em dispositivos Android e iOS, assegurando uma experi\u00eancia sem falhas ou interrup\u00e7\u00f5es. Jogue confortavelmente, independentemente de estar em telem\u00f3vel ou \u2018tablet\u2019, com uma navega\u00e7\u00e3o suave e intuitiva. Se preferir jogar em ecr\u00e3s maiores, n\u00e3o se preocupe! A aplica\u00e7\u00e3o do jogo est\u00e1 bem adaptada a qualquer resolu\u00e7\u00e3o, oferecendo uma experi\u00eancia visual envolvente e de alta qualidade. Al\u00e9m disso, \u00e9 poss\u00edvel jogar num computador, seja Windows ou macOS, proporcionando flexibilidade e conveni\u00eancia para o jogador.<\/p>\n<p>Para que tudo isso pare\u00e7a mais atraente, h\u00e1 ofertas exclusivas para jogadores m\u00f3veis, como um b\u00f4nus de 1500 \u20ac, 250 rodadas gr\u00e1tis e reembolso semanal de at\u00e9 25%! Agora \u00e9 a hora de entrar na a\u00e7\u00e3o, aproveite esses b\u00f4nus e leve a sua experi\u00eancia de jogo a um novo n\u00edvel.<\/p>\n<div class=\"banner-wrap\" aria-label=\"Banner\"><img src=\"https:\/\/sava-spins.com\/wp-content\/uploads\/2026\/03\/lQmcUcTZIjgkRr0eWliB-1.png.webp\" class=\"w-100 d-none d-lg-block img-pc main-banner-img\" alt=\"Savaspin general desktop\" fetchpriority=\"high\" decoding=\"async\"><img src=\"https:\/\/sava-spins.com\/wp-content\/uploads\/2026\/03\/Savaspin-general-mobile-792.webp\" class=\"w-100 d-none d-md-block d-lg-none main-banner-img\" alt=\"Savaspin general mobile\" fetchpriority=\"high\" decoding=\"async\"><img src=\"https:\/\/sava-spins.com\/wp-content\/uploads\/2026\/03\/Savaspin-general-mobile-792.webp\" class=\"w-100 d-md-none\" alt=\"Savaspin general mobile\" fetchpriority=\"high\" decoding=\"async\"><div class=\"banner-description\">\n<div class=\"banner-title\">Welcome Bonuses<\/div>\n<p class=\"banner-header-title\">1500 \u20ac<\/p>\n<div class=\"banner-header-AdditionalText\">+ 250 Free Spins<\/div>\n<button data-item=\"homepage_banner_link\" class=\"goto m-button m-gradient-border m-button--primary m-button--large banner-button btn-orange\">\n            <div class=\"m-button-content\">\n                <span>Sign Up Now<\/span>\n                <span><\/span>\n            <\/div>\n        <\/button>\n<\/div>\n<div class=\"WelcomePack\">\n<p><img loading=\"lazy\" decoding=\"async\" class=\"alignnone size-full wp-image-2026\" src=\"https:\/\/sava-spins.com\/wp-content\/uploads\/2026\/03\/welcome-crown-1-1.png\" alt=\"welcome-crown\" width=\"25\" height=\"26\" \/><\/p>\n<div class=\"WelcomePack-Info\">Weekly Cashback up to 25%<\/div>\n<p><img loading=\"lazy\" decoding=\"async\" class=\"alignnone size-full wp-image-2026\" src=\"https:\/\/sava-spins.com\/wp-content\/uploads\/2026\/03\/welcome-crown-1-1.png\" alt=\"welcome-crown\" width=\"25\" height=\"26\" \/><\/p>\n<\/div>\n<\/div>\n<h2>Principais caracter\u00edsticas da aplica\u00e7\u00e3o do Casino Sava Spin<\/h2>\n<p>O aplicativo do casino online Savaspin \u00e9 muito mais do que apenas uma maneira de jogar, \u00e9 uma experi\u00eancia abrangente e envolvente, mais conectada a todos os tipos de jogadores.<\/p>\n<p>Desenvolvida com uma interface intuitiva e de f\u00e1cil navega\u00e7\u00e3o, a plataforma permite aos usu\u00e1rios acessarem uma grande variedade de jogos m\u00f3veis, incluindo ca\u00e7a-n\u00edqueis, blackjack, roleta e muito mais, tudo diretamente do dispositivo m\u00f3vel. Al\u00e9m do mais, o aplicativo tem funcionalidades interessantes, como promo\u00e7\u00f5es exclusivas, um sistema confi\u00e1vel de seguran\u00e7a e suporte ao cliente eficiente.<\/p>\n<p>Se voc\u00ea \u00e9 um iniciante ou experiente em jogos, a Savaspin est\u00e1 pronta para proporcionar divers\u00e3o, praticidade e oportunidades de ganhos a qualquer hora e em qualquer lugar!<\/p>\n<ul>\n<li>Mais de 6.000 jogos, desfrute de Slots, Blackjack, P\u00f4quer, Roleta e emocionantes sess\u00f5es de casino ao vivo com dealers profissionais, aqui mesmo no seu smartphone, tablet ou outros dispositivos m\u00f3veis.<\/li>\n<li>Existem imensos b\u00f4nus na aplica\u00e7\u00e3o, desde grandes pacotes de boas-vindas at\u00e9 cashback semanal e promo\u00e7\u00f5es personalizadas.<\/li>\n<li>Interface sofisticada e intuitiva. Isto significa que poder\u00e1 encontrar sempre o jogo ou a funcionalidade que procura em segundos. Navega\u00e7\u00e3o fluida, carregamentos instant\u00e2neos e um design ajustado aos dispositivos m\u00f3veis.<\/li>\n<li>Todas as suas informa\u00e7\u00f5es pessoais e transa\u00e7\u00f5es s\u00e3o protegidas por uma encripta\u00e7\u00e3o avan\u00e7ada para garantir um jogo seguro e sem riscos.<\/li>\n<li>Acesso a partir de m\u00faltiplas plataformas. Vai poder descarregar Savaspin casino online para registar uma conta e jogar a partir de qualquer dispositivo de Android, iOS ou atrav\u00e9s do browser num Windows ou macOS sem restri\u00e7\u00f5es.<\/li>\n<li>Suporte 24 horas por dia, 7 dias por semana, via chat e e-mail, mesmo atrav\u00e9s da aplica\u00e7\u00e3o. Os nossos gerentes falam diferentes idiomas e resolver\u00e3o quaisquer quest\u00f5es o mais r\u00e1pido poss\u00edvel. Basta clicar no \u00edcone correspondente para entrar em contacto com um dos nossos agentes dedicados.<\/li>\n<\/ul>\n<h2>Principais desvantagens da aplica\u00e7\u00e3o do Casino Sava Spin<\/h2>\n<p>Veja agora alguns dos aspectos negativos do app do Casino Savaspin:<\/p>\n<ul>\n<li>Limita\u00e7\u00f5es nos b\u00f4nus para jogadores antigos: Algumas promo\u00e7\u00f5es s\u00e3o apenas para novos jogadores, dificultando o recebimento de b\u00f4nus futuros para jogadores existentes.<\/li>\n<li>Altas contribui\u00e7\u00f5es para as exig\u00eancias de apostas: Alguns b\u00f4nus e promo\u00e7\u00f5es podem ter requisitos de apostas altos, o que dificulta o saque de ganhos.<\/li>\n<li>Restri\u00e7\u00f5es geogr\u00e1ficas: existem restri\u00e7\u00f5es para jogadores de alguns pa\u00edses, restringindo conte\u00fado ou promo\u00e7\u00f5es.<\/li>\n<li>Risco de Depend\u00eancia: Como em qualquer app de apostas, pode haver o risco de depend\u00eancia de jogos, portanto, \u00e9 importante que a pr\u00e1tica do jogo seja feita de forma respons\u00e1vel.<\/li>\n<li>Taxas de Transa\u00e7\u00e3o: Em certos casos, taxas de transa\u00e7\u00e3o podem ser aplicadas em dep\u00f3sitos ou retiradas, dependendo do m\u00e9todo de pagamento utilizado.<\/li>\n<\/ul>\n<p>Todos eles s\u00e3o bastante gen\u00e9ricos e descrevem os poss\u00edveis problemas do casino que podem surgir, mas isso claramente n\u00e3o \u00e9 para todos. A maioria dos jogadores baixa o aplicativo sem problemas, joga, transfere dep\u00f3sitos e n\u00e3o se preocupa com o tempo de jogo. Ent\u00e3o esta informa\u00e7\u00e3o geral \u00e9 apenas uma nota!<\/p>\n<p><div class=\"scrollable-content-wrap my-5\"><div class=\"scrollable-content-inner\"><h2>APK do Casino Savaspin (Android)<\/h2>\n<p>A aplica\u00e7\u00e3o Sava Spin casino online est\u00e1 dispon\u00edvel para os dispositivos Android. Esta pode ser descarregada a partir de qualquer dispositivo moderno. O software m\u00f3vel d\u00e1-lhe acesso completo a mais de 6.000 jogos m\u00f3veis que ir\u00e3o funcionar de forma fluida e sem problemas com downloads rel\u00e2mpagos. Para descarregar e instalar o app no seu aparelho Android, siga estes passos:<\/p>\n<ol>\n<li>Visite a p\u00e1gina oficial do casino Sava Spin atrav\u00e9s do browser do seu dispositivo.<\/li>\n<li>Clique no link para descarregar o ficheiro APK de Savaspin.<\/li>\n<li>V\u00e1 \u00e0s defini\u00e7\u00f5es do seu dispositivo e permita a op\u00e7\u00e3o \u201cInstalar a partir de fontes desconhecidas\u201d para a aplica\u00e7\u00e3o seja instalada no seu telem\u00f3vel ou outro dispositivo sem qualquer problema.<\/li>\n<li>Encontre o ficheiro APK na lista dos downloads e pressione instalar.<\/li>\n<li>Assim que a aplica\u00e7\u00e3o tiver sido instalada, abra-a e inicie sess\u00e3o ou crie uma conta e comece logo a jogar.<\/li>\n<\/ol>\n<p>N\u00e3o se esque\u00e7a de que temos atualiza\u00e7\u00f5es frequentes, porque queremos acompanhar os tempos. Vale a pena monitorar se uma nova vers\u00e3o foi lan\u00e7ada e atualiz\u00e1-la.<\/p>\n<h2>Interface do aplicativo<\/h2>\n<p>A aplica\u00e7\u00e3o Savaspin em sua vers\u00e3o Android foi meticulosamente otimizada para funcionar corretamente em todos os dispositivos modernos, proporcionando aos usu\u00e1rios uma experi\u00eancia ininterrupta e suave.<\/p>\n<p>Al\u00e9m de apresentar uma interface intuitiva e ignor\u00e1vel, dotou-se da mesma riqueza funcional presente na vers\u00e3o para computador, que inclui acesso a b\u00f4nus exclusivos, a participa\u00e7\u00e3o em torneios emocionantes e o suporte ao cliente, que proporciona respostas instant\u00e2neas para d\u00favidas ou problemas.<\/p>\n<p>Essa atualiza\u00e7\u00e3o ser\u00e1 uma maneira de garantir aos usu\u00e1rios que podem aproveitar todas as vantagens do Savaspin de uma forma conveniente e que possa ser usada em casa ou em movimento para se ter uma experi\u00eancia completa e agrad\u00e1vel a qualquer hora e em qualquer lugar.<\/p>\n<p><img loading=\"lazy\" decoding=\"async\" src=\"https:\/\/sava-spins.com\/wp-content\/uploads\/2026\/03\/Savaspin-Casino-for-Android.webp\" alt=\"Savaspin Casino for Android\" width=\"1248\" height=\"536\" \/><\/p>\n<\/div><\/div><div style=\"clear: both\"><\/div><div class=\"d-flex justify-content-center\"><button data-item=\"decouvrez_link\" data-group=\"website_links\" class=\"goto fw-bold rounded-pill btn btn-orange\" aria-label=\"Descarregue a aplica\u00e7\u00e3o Savaspin\" >Descarregue a aplica\u00e7\u00e3o Savaspin<\/button><\/div><div class=\"scrollable-content-wrap my-5\"><div class=\"scrollable-content-inner\"><h2>Aplica\u00e7\u00e3o do Casino Sava Spin para o seu dispositivo iOS<\/h2>\n<p>Pode cadastrar todos os benef\u00edcios do Sava Spin Casino em qualquer dispositivo iOS, de l\u00e1 tinha pagamento m\u00ednimo de um dos dispositivos da empresa. O aplicativo para iPhone desenvolvido para aqueles que optam pela Apple apresenta experi\u00eancia do casino sem detrimento de suavidade, seguran\u00e7a e funcionalidade, sem alternativas.<\/p>\n<p>Abaixo encontram-se as instru\u00e7\u00f5esde como descarregar a aplica\u00e7\u00e3o Savaspin para iOS:<\/p>\n<ol>\n<li>Abra o App Store no seu dispositivo iOS.<\/li>\n<li>Procure por \u201ccasino Sava Spin\u201d.<\/li>\n<li>Clique em \u201cObter\u201d e confirme a instala\u00e7\u00e3o com a op\u00e7\u00e3o de Identifica\u00e7\u00e3o com a Face, Toque ou palavra-chave da conta Apple.<\/li>\n<li>Uma vez instalada, abra o app de Savaspin, inicie sess\u00e3o ou registe-se e comece a jogar de imediato.<\/li>\n<\/ol>\n<p>A vers\u00e3o para iOS do aplicativo oferece acesso total aos slots, jogos ao vivo e op\u00e7\u00f5es de b\u00f4nus, como o pacote de boas-vindas e cashback semanal.<\/p>\n<p>O app foi especialmente adaptado para as telas do iPhone e iPad, portanto, voc\u00ea n\u00e3o ter\u00e1 problemas em naveg\u00e1-lo, independentemente do dispositivo.<\/p>\n<p>Outro benef\u00edcio \u00e9 que os usu\u00e1rios podem receber notifica\u00e7\u00f5es instant\u00e2neas sobre promo\u00e7\u00f5es, novos jogos e torneios exclusivos, para que n\u00e3o deixem passar nenhuma oportunidade de ganhar pre\u00e7os. Com essa vers\u00e3o, jogar se torna mais f\u00e1cil, seguro e divertido, oferecendo uma experi\u00eancia de casino m\u00f3vel de qualidade.<\/p>\n<p><img loading=\"lazy\" decoding=\"async\" src=\"https:\/\/sava-spins.com\/wp-content\/uploads\/2026\/03\/Savaspin-Casino-for-iOS.webp\" alt=\"Savaspin Casino for iOS\" width=\"1248\" height=\"536\" \/><\/p>\n<\/div><\/div><div style=\"clear: both\"><\/div><div class=\"d-flex justify-content-center\"><button data-item=\"decouvrez_link\" data-group=\"website_links\" class=\"goto fw-bold rounded-pill btn btn-orange\" aria-label=\"Descarregue a aplica\u00e7\u00e3o Savaspin\" >Descarregue a aplica\u00e7\u00e3o Savaspin<\/button><\/div><div class=\"scrollable-content-wrap my-5\"><div class=\"scrollable-content-inner\"><h2>Aplica\u00e7\u00e3o do Casino Savaspin para Windows e macOS<\/h2>\n<p>Prefere jogar em ecr\u00e3s maiores? O Casino Savaspin est\u00e1 dispon\u00edvel em absoluto atrav\u00e9s do computador, sem precisar de descarregar nada, s\u00f3 tem que visitar a p\u00e1gina oficial e come\u00e7ar a jogar de imediato.<\/p>\n<p>Aqui est\u00e1 como funciona:<\/p>\n<ul>\n<li>N\u00e3o necessita de nenhuma aplica\u00e7\u00e3o. S\u00f3 precisa abrir o seu browser de prefer\u00eancia no Windows ou no macOS e navegar pela p\u00e1gina do casino Sava Spin. A plataforma est\u00e1 totalmente otimizada para computador e, para quem preferir, h\u00e1 uma vers\u00e3o dedicada para desktop que pode ser descarregada.<\/li>\n<li>Esta oferece um acesso mais r\u00e1pido, tempos de carregamento mais c\u00e9leres e uma funcionalidade mais fluida.<\/li>\n<li>Sincroniza\u00e7\u00e3o entre as v\u00e1rias plataformas. Quer esteja a jogar no computador ou dispositivo m\u00f3vel, a sua pontua\u00e7\u00e3o, progresso e b\u00f4nus ir\u00e3o manter-se sincronizados. Comece o jogo no seu telefone, continue no seu computador, tudo sem qualquer tipo de problema.<\/li>\n<li>Perfeito para jogadores que queiram uma funcionalidade completa sem sacrificar o espa\u00e7o do ecr\u00e3 ou o desempenho.<\/li>\n<\/ul>\n<p><img loading=\"lazy\" decoding=\"async\" src=\"https:\/\/sava-spins.com\/wp-content\/uploads\/2026\/03\/Savaspin-Application-for-PC.webp\" alt=\"Savaspin Application for PC\" width=\"1248\" height=\"536\" \/><\/p>\n<\/div><\/div><div style=\"clear: both\"><\/div><div class=\"d-flex justify-content-center\"><button data-item=\"decouvrez_link\" data-group=\"website_links\" class=\"goto fw-bold rounded-pill btn btn-orange\" aria-label=\"Descarregue a aplica\u00e7\u00e3o Savaspin\" >Descarregue a aplica\u00e7\u00e3o Savaspin<\/button><\/div><div class=\"scrollable-content-wrap my-5\"><div class=\"scrollable-content-inner\"><h2>Perguntas frequentes<\/h2>\n<h3>O apoio ao cliente est\u00e1 dispon\u00edvel atrav\u00e9s da App do Casino Savaspin?<\/h3>\n<p>Sim, o aplicativo do Sava Spin casino online conta com um suporte ao cliente dispon\u00edvel 24\/7. O suporte pode ser contatado, diretamente, atrav\u00e9s do chat ao vivo do pr\u00f3prio aplicativo ou atrav\u00e9s do e-mail, oferecendo assim um canal pr\u00e1tico e r\u00e1pido de comunica\u00e7\u00e3o.<\/p>\n<p>Seja para tirar as d\u00favidas a respeito da sua conta, pergunta sobre pagamentos r\u00e1pidos ou b\u00f4nus ou qualquer outra d\u00favida, a equipe de suporte estar\u00e1 sempre dispon\u00edvel para ajudar voc\u00ea de forma profissional, am\u00e1vel e acess\u00edvel. Com esse suporte constante, voc\u00ea poder\u00e1 desfrutar de um jogo tranquilo e seguro, sabendo que a ajuda estar\u00e1 sempre \u00e0 sua disposi\u00e7\u00e3o sempre que necess\u00e1ria.<\/p>\n<h3>Existe alguma aplica\u00e7\u00e3o do Casino Sava Spin para Windows e macOS?<\/h3>\n<p>Assim voc\u00ea poder\u00e1 baixar uma vers\u00e3o adicional do programa de computador na p\u00e1gina oficial que vai colocar de forma f\u00e1cil e r\u00e1pida o jogo dispon\u00edvel e melhorar o desempenho e a acessibilidade. As funcionalidades do casino tamb\u00e9m est\u00e3o dispon\u00edveis diretamente do seu browser no Windows e no macOS.<\/p>\n<h3>Preciso de uma conta para usar a aplica\u00e7\u00e3o do Casino Savaspin?<\/h3>\n<p>\u00c9 verdade, ser\u00e1 necess\u00e1rio criar uma conta de jogador para acessar os jogos de apostas reais, aproveitar b\u00f4nus exclusivos e suporte ao cliente dedicado. O regista\u00e7\u00e3o \u00e9 r\u00e1pida, simples e segura, permitindo que voc\u00ea utilize as credenciais criadas em dispositivos Android, iOS ou computador, assim que conclu\u00eddo o registo.<\/p>\n<h3>Posso jogar jogos de casino ao vivo na app do Casino Savaspin?<\/h3>\n<p>Claro! O app Sava spin possui todos os jogos de dealer ao vivo, inclusive Blackjack, Roleta e Baccarat. A se\u00e7\u00e3o de casino ao vivo \u00e9 totalmente otimizada para dispositivos m\u00f3veis, oferecendo streaming em HD e recursos interativos para uma experi\u00eancia de jogo mais realista. Os assinantes do Programa VIP t\u00eam acesso a vantagens exclusivas e atendimento personalizado.<\/p>\n<h3>Todos os jogos est\u00e3o dispon\u00edveis na aplica\u00e7\u00e3o?<\/h3>\n<p>Esse aplicativo Sava spin proporciona acesso a toda a biblioteca de jogos, que inclui slots, jogos de mesa, jackpots e jogos de casino ao vivo. Independentemente do dispositivo que voc\u00ea usa, seja Android, iPhone ou PC, voc\u00ea encontrar\u00e1 a mesma variedade e qualidade que est\u00e1 acess\u00edvel na vers\u00e3o web. Muitos jogos exclusivos foram reservados apenas para os membros do programa VIP.<\/p>\n<h3>Como \u00e9 que atualizo o app do Casino Sava Spin?<\/h3>\n<p>As atualiza\u00e7\u00f5es dependem do dispositivo. Em iOS, as atualiza\u00e7\u00f5es s\u00e3o autom\u00e1ticas atrav\u00e9s da App Store. Para Android, ser\u00e1 necess\u00e1rio baixar a vers\u00e3o mais recente do APK do Savaspin do site oficial de casino online. \u00c9 sempre recomendado usar a \u00faltima vers\u00e3o para garantir um melhor desempenho e maior seguran\u00e7a.<\/p>\n<h3>Como \u00e9 que eu posso levantar os meus ganhos a partir da app?<\/h3>\n<p>Para fazer um saque, abra o app Savaspin, v\u00e1 para \u201cDep\u00f3sito\u201d, escolha o seu m\u00e9todo de pagamento preferencial e insira o montante. A maioria dos levantamentos \u00e9 processada num prazo de 24\u201348 horas, dependendo do m\u00e9todo selecionado e do processo de verifica\u00e7\u00e3o de conta, mas \u00e9 obrigat\u00f3rio passar pelo processo de verifica\u00e7\u00e3o de conta antes de realizar os pagamentos r\u00e1pidos.<\/p>\n<\/div><\/div><\/p>\n","protected":false},"excerpt":{"rendered":"<p>Aplica\u00e7\u00e3o do Casino Sava Spin A aplica\u00e7\u00e3o de Savaspin \u00e9 uma plataforma m\u00f3vel r\u00e1pida, segura e conveniente que proporciona a experi\u00eancia completa do casino Sava Spin na ponta dos dedos e ir\u00e1 ajud\u00e1-lo a levar a sua pr\u00e1tica de jogo a um n\u00edvel ainda mais elevado. Quer esteja a girar os rolos ou a jogar [&hellip;]<\/p>\n","protected":false},"author":1,"featured_media":0,"parent":0,"menu_order":0,"comment_status":"closed","ping_status":"closed","template":"template-builder.php","meta":{"_acf_changed":false,"inline_featured_image":false,"footnotes":""},"class_list":["post-1886","page","type-page","status-publish","hentry"],"acf":[],"yoast_head":"<!-- This site is optimized with the Yoast SEO plugin v27.3 - https:\/\/yoast.com\/product\/yoast-seo-wordpress\/ -->\n<title>Aplica\u00e7\u00e3o do Casino Sava Spin \u2013 Joga no Android, iOS, Windows e Mac<\/title>\n<meta name=\"description\" content=\"Descarrega a Aplica\u00e7\u00e3o do Casino Sava Spin para Android, iOS, Windows e Mac. Joga 6000+ jogos com b\u00f3nus de \u20ac1500 + 250 spins gr\u00e1tis, 25% cashback e suporte 24\/7.\" \/>\n<meta name=\"robots\" content=\"index, follow, max-snippet:-1, max-image-preview:large, max-video-preview:-1\" \/>\n<link rel=\"canonical\" href=\"https:\/\/sava-spins.com\/pt-pt\/aplicacao\/\" \/>\n<meta property=\"og:locale\" content=\"pt_PT\" \/>\n<meta property=\"og:type\" content=\"article\" \/>\n<meta property=\"og:title\" content=\"Aplica\u00e7\u00e3o do Casino Sava Spin \u2013 Joga no Android, iOS, Windows e Mac\" \/>\n<meta property=\"og:description\" content=\"Descarrega a Aplica\u00e7\u00e3o do Casino Sava Spin para Android, iOS, Windows e Mac. Joga 6000+ jogos com b\u00f3nus de \u20ac1500 + 250 spins gr\u00e1tis, 25% cashback e suporte 24\/7.\" \/>\n<meta property=\"og:url\" content=\"https:\/\/sava-spins.com\/pt-pt\/aplicacao\/\" \/>\n<meta property=\"og:site_name\" content=\"Savaspin\" \/>\n<meta property=\"article:modified_time\" content=\"2026-03-17T11:40:54+00:00\" \/>\n<meta name=\"twitter:card\" content=\"summary_large_image\" \/>\n<meta name=\"twitter:label1\" content=\"Est. reading time\" \/>\n\t<meta name=\"twitter:data1\" content=\"4 minutos\" \/>\n<script type=\"application\/ld+json\" class=\"yoast-schema-graph\">{\"@context\":\"https:\\\/\\\/schema.org\",\"@graph\":[{\"@type\":\"WebPage\",\"@id\":\"https:\\\/\\\/sava-spins.com\\\/pt-pt\\\/aplicacao\\\/\",\"url\":\"https:\\\/\\\/sava-spins.com\\\/pt-pt\\\/aplicacao\\\/\",\"name\":\"Aplica\u00e7\u00e3o do Casino Sava Spin \u2013 Joga no Android, iOS, Windows e Mac\",\"isPartOf\":{\"@id\":\"https:\\\/\\\/sava-spins.com\\\/pt-pt\\\/#website\"},\"datePublished\":\"2026-01-20T12:08:23+00:00\",\"dateModified\":\"2026-03-17T11:40:54+00:00\",\"description\":\"Descarrega a Aplica\u00e7\u00e3o do Casino Sava Spin para Android, iOS, Windows e Mac. Joga 6000+ jogos com b\u00f3nus de \u20ac1500 + 250 spins gr\u00e1tis, 25% cashback e suporte 24\\\/7.\",\"breadcrumb\":{\"@id\":\"https:\\\/\\\/sava-spins.com\\\/pt-pt\\\/aplicacao\\\/#breadcrumb\"},\"inLanguage\":\"pt-PT\",\"potentialAction\":[{\"@type\":\"ReadAction\",\"target\":[\"https:\\\/\\\/sava-spins.com\\\/pt-pt\\\/aplicacao\\\/\"]}]},{\"@type\":\"BreadcrumbList\",\"@id\":\"https:\\\/\\\/sava-spins.com\\\/pt-pt\\\/aplicacao\\\/#breadcrumb\",\"itemListElement\":[{\"@type\":\"ListItem\",\"position\":1,\"name\":\"Savaspin\",\"item\":\"https:\\\/\\\/sava-spins.com\\\/pt-pt\\\/\"},{\"@type\":\"ListItem\",\"position\":2,\"name\":\"Aplica\u00e7\u00e3o\"}]},{\"@type\":\"WebSite\",\"@id\":\"https:\\\/\\\/sava-spins.com\\\/pt-pt\\\/#website\",\"url\":\"https:\\\/\\\/sava-spins.com\\\/pt-pt\\\/\",\"name\":\"Savaspin\",\"description\":\"\",\"publisher\":{\"@id\":\"https:\\\/\\\/sava-spins.com\\\/pt-pt\\\/#organization\"},\"potentialAction\":[{\"@type\":\"SearchAction\",\"target\":{\"@type\":\"EntryPoint\",\"urlTemplate\":\"https:\\\/\\\/sava-spins.com\\\/pt-pt\\\/?s={search_term_string}\"},\"query-input\":{\"@type\":\"PropertyValueSpecification\",\"valueRequired\":true,\"valueName\":\"search_term_string\"}}],\"inLanguage\":\"pt-PT\"},{\"@type\":\"Organization\",\"@id\":\"https:\\\/\\\/sava-spins.com\\\/pt-pt\\\/#organization\",\"name\":\"Savaspin\",\"url\":\"https:\\\/\\\/sava-spins.com\\\/pt-pt\\\/\",\"logo\":{\"@type\":\"ImageObject\",\"inLanguage\":\"pt-PT\",\"@id\":\"https:\\\/\\\/sava-spins.com\\\/pt-pt\\\/#\\\/schema\\\/logo\\\/image\\\/\",\"url\":\"https:\\\/\\\/sava-spins.com\\\/wp-content\\\/uploads\\\/2026\\\/03\\\/Casino-logo-Mobile.png\",\"contentUrl\":\"https:\\\/\\\/sava-spins.com\\\/wp-content\\\/uploads\\\/2026\\\/03\\\/Casino-logo-Mobile.png\",\"width\":83,\"height\":32,\"caption\":\"Savaspin\"},\"image\":{\"@id\":\"https:\\\/\\\/sava-spins.com\\\/pt-pt\\\/#\\\/schema\\\/logo\\\/image\\\/\"}}]}<\/script>\n<!-- \/ Yoast SEO plugin. -->","yoast_head_json":{"title":"Aplica\u00e7\u00e3o do Casino Sava Spin \u2013 Joga no Android, iOS, Windows e Mac","description":"Descarrega a Aplica\u00e7\u00e3o do Casino Sava Spin para Android, iOS, Windows e Mac. Joga 6000+ jogos com b\u00f3nus de \u20ac1500 + 250 spins gr\u00e1tis, 25% cashback e suporte 24\/7.","robots":{"index":"index","follow":"follow","max-snippet":"max-snippet:-1","max-image-preview":"max-image-preview:large","max-video-preview":"max-video-preview:-1"},"canonical":"https:\/\/sava-spins.com\/pt-pt\/aplicacao\/","og_locale":"pt_PT","og_type":"article","og_title":"Aplica\u00e7\u00e3o do Casino Sava Spin \u2013 Joga no Android, iOS, Windows e Mac","og_description":"Descarrega a Aplica\u00e7\u00e3o do Casino Sava Spin para Android, iOS, Windows e Mac. Joga 6000+ jogos com b\u00f3nus de \u20ac1500 + 250 spins gr\u00e1tis, 25% cashback e suporte 24\/7.","og_url":"https:\/\/sava-spins.com\/pt-pt\/aplicacao\/","og_site_name":"Savaspin","article_modified_time":"2026-03-17T11:40:54+00:00","twitter_card":"summary_large_image","twitter_misc":{"Est. reading time":"4 minutos"},"schema":{"@context":"https:\/\/schema.org","@graph":[{"@type":"WebPage","@id":"https:\/\/sava-spins.com\/pt-pt\/aplicacao\/","url":"https:\/\/sava-spins.com\/pt-pt\/aplicacao\/","name":"Aplica\u00e7\u00e3o do Casino Sava Spin \u2013 Joga no Android, iOS, Windows e Mac","isPartOf":{"@id":"https:\/\/sava-spins.com\/pt-pt\/#website"},"datePublished":"2026-01-20T12:08:23+00:00","dateModified":"2026-03-17T11:40:54+00:00","description":"Descarrega a Aplica\u00e7\u00e3o do Casino Sava Spin para Android, iOS, Windows e Mac. Joga 6000+ jogos com b\u00f3nus de \u20ac1500 + 250 spins gr\u00e1tis, 25% cashback e suporte 24\/7.","breadcrumb":{"@id":"https:\/\/sava-spins.com\/pt-pt\/aplicacao\/#breadcrumb"},"inLanguage":"pt-PT","potentialAction":[{"@type":"ReadAction","target":["https:\/\/sava-spins.com\/pt-pt\/aplicacao\/"]}]},{"@type":"BreadcrumbList","@id":"https:\/\/sava-spins.com\/pt-pt\/aplicacao\/#breadcrumb","itemListElement":[{"@type":"ListItem","position":1,"name":"Savaspin","item":"https:\/\/sava-spins.com\/pt-pt\/"},{"@type":"ListItem","position":2,"name":"Aplica\u00e7\u00e3o"}]},{"@type":"WebSite","@id":"https:\/\/sava-spins.com\/pt-pt\/#website","url":"https:\/\/sava-spins.com\/pt-pt\/","name":"Savaspin","description":"","publisher":{"@id":"https:\/\/sava-spins.com\/pt-pt\/#organization"},"potentialAction":[{"@type":"SearchAction","target":{"@type":"EntryPoint","urlTemplate":"https:\/\/sava-spins.com\/pt-pt\/?s={search_term_string}"},"query-input":{"@type":"PropertyValueSpecification","valueRequired":true,"valueName":"search_term_string"}}],"inLanguage":"pt-PT"},{"@type":"Organization","@id":"https:\/\/sava-spins.com\/pt-pt\/#organization","name":"Savaspin","url":"https:\/\/sava-spins.com\/pt-pt\/","logo":{"@type":"ImageObject","inLanguage":"pt-PT","@id":"https:\/\/sava-spins.com\/pt-pt\/#\/schema\/logo\/image\/","url":"https:\/\/sava-spins.com\/wp-content\/uploads\/2026\/03\/Casino-logo-Mobile.png","contentUrl":"https:\/\/sava-spins.com\/wp-content\/uploads\/2026\/03\/Casino-logo-Mobile.png","width":83,"height":32,"caption":"Savaspin"},"image":{"@id":"https:\/\/sava-spins.com\/pt-pt\/#\/schema\/logo\/image\/"}}]}},"_links":{"self":[{"href":"https:\/\/sava-spins.com\/pt-pt\/wp-json\/wp\/v2\/pages\/1886","targetHints":{"allow":["GET"]}}],"collection":[{"href":"https:\/\/sava-spins.com\/pt-pt\/wp-json\/wp\/v2\/pages"}],"about":[{"href":"https:\/\/sava-spins.com\/pt-pt\/wp-json\/wp\/v2\/types\/page"}],"author":[{"embeddable":true,"href":"https:\/\/sava-spins.com\/pt-pt\/wp-json\/wp\/v2\/users\/1"}],"replies":[{"embeddable":true,"href":"https:\/\/sava-spins.com\/pt-pt\/wp-json\/wp\/v2\/comments?post=1886"}],"version-history":[{"count":4,"href":"https:\/\/sava-spins.com\/pt-pt\/wp-json\/wp\/v2\/pages\/1886\/revisions"}],"predecessor-version":[{"id":2174,"href":"https:\/\/sava-spins.com\/pt-pt\/wp-json\/wp\/v2\/pages\/1886\/revisions\/2174"}],"wp:attachment":[{"href":"https:\/\/sava-spins.com\/pt-pt\/wp-json\/wp\/v2\/media?parent=1886"}],"curies":[{"name":"wp","href":"https:\/\/api.w.org\/{rel}","templated":true}]}}