{"id":1882,"date":"2026-03-17T07:34:25","date_gmt":"2026-03-17T07:34:25","guid":{"rendered":"https:\/\/sava-spins.com\/metodi-di-pagamento\/"},"modified":"2026-03-20T14:09:31","modified_gmt":"2026-03-20T14:09:31","slug":"formas-de-pago","status":"publish","type":"page","link":"https:\/\/sava-spins.com\/es\/formas-de-pago\/","title":{"rendered":"Formas de pago"},"content":{"rendered":"<h1>Sava spin m\u00e9todos de dep\u00f3sito y retiro<\/h1>\n<p>Nuestro casino enfoca los pagos r\u00e1pidos y diligentes \u2013 especialmente con los Sava Spin m\u00e9todos de dep\u00f3sito se puede incrementar su experiencia de juego de todo. Nuestra plataforma ofrece varios m\u00e9todos de dep\u00f3sito y retirada, tanto con monedas tradicionales como con criptomonedas. Nuestro sistema de pagos protege tus fondos y facilita los pagos y las retiradas para que puedas jugar a tus juegos favoritos sin complicaciones.<\/p>\n<p><div class=\"banner-wrap\" aria-label=\"Banner\"><img src=\"https:\/\/sava-spins.com\/wp-content\/uploads\/2026\/03\/lQmcUcTZIjgkRr0eWliB-1.png.webp\" class=\"w-100 d-none d-lg-block img-pc main-banner-img\" alt=\"Savaspin general desktop\" fetchpriority=\"high\" decoding=\"async\"><img src=\"https:\/\/sava-spins.com\/wp-content\/uploads\/2026\/03\/Savaspin-general-mobile-792.webp\" class=\"w-100 d-none d-md-block d-lg-none main-banner-img\" alt=\"Savaspin general mobile\" fetchpriority=\"high\" decoding=\"async\"><img src=\"https:\/\/sava-spins.com\/wp-content\/uploads\/2026\/03\/Savaspin-general-mobile-792.webp\" class=\"w-100 d-md-none\" alt=\"Savaspin general mobile\" fetchpriority=\"high\" decoding=\"async\"><div class=\"banner-description\">\n<div class=\"banner-title\">Bonos de bienvenida<\/div>\n<p class=\"banner-header-title\">1500 \u20ac<\/p>\n<div class=\"banner-header-AdditionalText\">+ 250 Tiradas gratis<\/div>\n<button data-item=\"homepage_banner_link\" class=\"goto m-button m-gradient-border m-button--primary m-button--large banner-button btn-orange\">\n            <div class=\"m-button-content\">\n                <span>Reg\u00edstrate ahora<\/span>\n                <span><\/span>\n            <\/div>\n        <\/button>\n<\/div>\n<div class=\"WelcomePack\">\n<p><img loading=\"lazy\" decoding=\"async\" class=\"alignnone size-full wp-image-2033\" src=\"https:\/\/sava-spins.com\/wp-content\/uploads\/2026\/03\/welcome-crown-1-1.png\" alt=\"welcome-crown\" width=\"25\" height=\"26\" \/><\/p>\n<div class=\"WelcomePack-Info\">Reembolso semanal de hasta el 25 %<\/div>\n<p><img loading=\"lazy\" decoding=\"async\" class=\"alignnone size-full wp-image-2033\" src=\"https:\/\/sava-spins.com\/wp-content\/uploads\/2026\/03\/welcome-crown-1-1.png\" alt=\"welcome-crown\" width=\"25\" height=\"26\" \/><\/p>\n<\/div>\n<\/div><div class=\"scrollable-content-wrap my-5\"><div class=\"scrollable-content-inner\"><h2>Savaspin pagos: \u00bfC\u00f3mo hacer un dep\u00f3sito?<\/h2>\n<p>Tienes que entrar a tu cuenta Savaspin antes de meterle dinero. Esto nos ayuda a mantenerte seguro a ti, a nosotros y a cumplir con las leyes internacionales de apuestas.<\/p>\n<p>Para depositar por primera vez, haz esto \u2013 es f\u00e1cil, no te preocupes:<\/p>\n<ol>\n<li>Entra a tu cuenta con tu contrase\u00f1a.<\/li>\n<li>Ve a la secci\u00f3n de Dep\u00f3sito en tu panel.<\/li>\n<li>Dale clic al bot\u00f3n que dice Depositar.<\/li>\n<li>Escoge c\u00f3mo quieres depositar de la lista de m\u00e9todos de dep\u00f3sito que tenemos.<\/li>\n<li>Escribe cu\u00e1nto vas a depositar (ojo con el m\u00ednimo, que es 20\u202f\u20ac).<\/li>\n<li>Llena los datos de pago que te pidan.<\/li>\n<li>Confirma todo y sigue los pasos para verificar.<\/li>\n<\/ol>\n<p>En Savaspin casino online, todas las transacciones est\u00e1n protegidas para que est\u00e9s tranquilo. Una vez que deposites, puedes empezar a jugar al toque. La mayor\u00eda de los dep\u00f3sitos se hacen al instante.<\/p>\n<p>Si tienes alg\u00fan problema con el dep\u00f3sito, nuestro servicio de atenci\u00f3n al cliente est\u00e1 disponible las 24 horas del d\u00eda para ayudarte. Savaspin pago es seguro y r\u00e1pido.<\/p>\n<p>Juega con responsabilidad y solo deposita dinero que puedas permitirte gastar por entretenimiento. Savaspin ofrece opciones de juego responsable para ayudarte a gestionar tu presupuesto mientras usas nuestros servicios.<\/p>\n<h2>M\u00e9todos de dep\u00f3sito<\/h2>\n<p>Ofrecemos una amplia variedad de m\u00e9todos de pago y diversas alternativas que act\u00faan a diferentes preferencias y necesidades.\u200b<\/p>\n<ul>\n<li>Las tarjetas de cr\u00e9dito y d\u00e9bito como la Visa y Mastercard son globales; los pagos son instant\u00e1neos y tienen robustas medidas de seguridad. Maestro da alternativa directa con accesibilidad al dinero inmediata, que la hace una opci\u00f3n conveniente para mucha gente.<\/li>\n<li>Los monederos digitales manejan dinero r\u00e1pido. Solo imagina:\n<ul>\n<li>Paypal se caracteriza sobre todo por sus transferencias r\u00e1pidas y su protecci\u00f3n al comprador;<\/li>\n<li>Skrill y Neteller est\u00e1n muy bien conocidos gracias a bajas comisiones y a altremento de seguridad, sobre todo en el campo de los juegos en l\u00ednea;<\/li>\n<li>ecoPayz agrega flexibilidad a trav\u00e9s de un f\u00e1cil acceso a su interfaz y soporte de m\u00faltiples divisas que facilita los intercambios internacionales. Estas plataformas est\u00e1n pensadas para facilitar y para que sea c\u00f3modo, efectivo.<\/li>\n<\/ul>\n<\/li>\n<li>Las criptomonedas est\u00e1n revolucionando las transacciones financieras con algunas caracter\u00edsticas inusuales.\n<ul>\n<li>Bitcoin ofrece transacciones efectuadas de forma an\u00f3nima \u2013 sin grandes comisiones;<\/li>\n<li>Ethereum se remarca por sus contratos inteligentes que ir a impulsar a la innovaci\u00f3n en la tecnolog\u00eda blockchain.<\/li>\n<li>Tether ofrece estabilidad, ya que est\u00e1 ligado a monedas fiduciarias y posee tiempos de retirar el dinero m\u00e1s r\u00e1pidos que Bitcoin y Litecoin. Por otro lado, las transferencias bancarias directas lo son, aunque un poco m\u00e1s lentas;<\/li>\n<li>Rapid Transfer y Trustly aceleran el proceso.<\/li>\n<li>Quienes desean la privacidad pueden depositar v\u00eda online con Paysafecard o Neosurf y obtener vales prepago que ofrecen anonimato y elegir a voluntad los gastos.<\/li>\n<\/ul>\n<\/li>\n<\/ul>\n<p>Todos los m\u00e9todos de dep\u00f3sito en Savaspin son seguros y la mayor\u00eda ofrecen acceso r\u00e1pido a los fondos.<\/p>\n<p>Los dep\u00f3sitos m\u00ednimos son 20\u202f\u20ac o su equivalente en moneda local.<\/p>\n<h3>Opciones de pago seguras<\/h3>\n<p>En Sava-Spins Casino, la seguridad es notabil\u00edsima cuando haces tus movidas de dinero. Tienes varias formas seguras de pagar, pensadas para que est\u00e9s tranquilo al meter o sacar plata. Puedes usar tarjetas, monederos electr\u00f3nicos o transferencias como tus opciones de pago, sin problemas; todo esto est\u00e1 protegido con tecnolog\u00eda de encriptaci\u00f3n de \u00faltima generaci\u00f3n; no te preocupes. As\u00ed que juegas sin estr\u00e9s, sabiendo que tu info y tu plata est\u00e1n a salvo.<\/p>\n<h2>Savaspin retirada<\/h2>\n<p>En Sava-Spins Casino, queremos que jugar sea f\u00e1cil y r\u00e1pido. Por eso, las transacciones son \u00e1giles y seguras. Puedes meter y sacar dinero sin rollo con tarjetas, monederos digitales o transferencias. As\u00ed que no hay que esperar para nada. Con pagos r\u00e1pidos, Savaspin es pura comodidad. Pero \u00bfc\u00f3mo hacerlo y no tener problemas en el proceso?<\/p>\n<p>Verifica toda la informaci\u00f3n antes de retirar el dinero. Normalmente, se requiere identificaci\u00f3n, prueba de domicilio y verificaci\u00f3n del m\u00e9todo de pago utilizado en Savaspin.<\/p>\n<p>Este proceso de tiempo de pago en Savaspin protege tu cuenta y cumple con las normativas internacionales. La mayor\u00eda de las solicitudes para retirar el dinero son procesadas en menos de 24 horas por parte de Savaspin. \u00bfY cu\u00e1les m\u00e9todos hay?<\/p>\n<h3>M\u00e9todos de pago r\u00e1pidos<\/h3>\n<p>En Savaspin casino online, retirar tus ganancias es un proceso sencillo. Encuentra los m\u00e9todos en la tabla a continuaci\u00f3n para conocer m\u00e1s detalles:<\/p>\n<table>\n<tbody>\n<tr>\n<td>M\u00e9todos de Pago<\/td>\n<td>Tiempo de Procesamiento<\/td>\n<td>Notas<\/td>\n<\/tr>\n<tr>\n<td>Visa<\/td>\n<td>1 a 3 d\u00edas laborables<\/td>\n<td>Procesamiento est\u00e1ndar<\/td>\n<\/tr>\n<tr>\n<td>Mastercard<\/td>\n<td>Similar, con medidas de seguridad completas<\/td>\n<td>Verificaci\u00f3n adicional requerida en algunos casos<\/td>\n<\/tr>\n<tr>\n<td>PayPal<\/td>\n<td>1 d\u00eda<\/td>\n<td>Procesado normalmente en 1 d\u00eda<\/td>\n<\/tr>\n<tr>\n<td>Skrill<\/td>\n<td>1 d\u00eda<\/td>\n<td>Suele completarse en 1 d\u00eda<\/td>\n<\/tr>\n<tr>\n<td>Neteller<\/td>\n<td>Menos de 1 d\u00eda<\/td>\n<td>Procesamiento r\u00e1pido<\/td>\n<\/tr>\n<tr>\n<td>EcoPayz<\/td>\n<td>1 d\u00eda<\/td>\n<td>Transacciones \u00e1giles<\/td>\n<\/tr>\n<tr>\n<td>Bitcoin (BTC)<\/td>\n<td>1 a 24 horas<\/td>\n<td>Procesamiento entre 1 y 24 horas<\/td>\n<\/tr>\n<tr>\n<td>Ethereum (ETH)<\/td>\n<td>1 a 24 horas<\/td>\n<td>Generalmente en 1-24 horas<\/td>\n<\/tr>\n<tr>\n<td>Litecoin (LTC)<\/td>\n<td>1 a 24 horas<\/td>\n<td>Procesamiento r\u00e1pido en 1\u201324 horas<\/td>\n<\/tr>\n<tr>\n<td>Tether (USDT)<\/td>\n<td>Dentro de las 24 horas<\/td>\n<td>Normalmente en 24 horas<\/td>\n<\/tr>\n<tr>\n<td>Transferencia bancaria directa<\/td>\n<td>3 a 5 d\u00edas laborables<\/td>\n<td>Procesamiento est\u00e1ndar<\/td>\n<\/tr>\n<tr>\n<td>Transferencia bancaria internacional<\/td>\n<td>2 a 4 d\u00edas laborables<\/td>\n<td>Tiempo de pago de Sava Spin<\/td>\n<\/tr>\n<\/tbody>\n<\/table>\n<p>Los fondos se transfieren m\u00e1s diligentemente a trav\u00e9s de monederos electr\u00f3nicos y criptomonedas una vez aprobada la solicitud. Savaspin retirada es al instante.<\/p>\n<h2>Aplicaci\u00f3n de Sava Spin<\/h2>\n<p>Con la app de Sava-spins Casino, tienes el juego al alcance de tu mano, est\u00e9s donde est\u00e9s.<\/p>\n<p>Es muy f\u00e1cil de usar y carga rapid\u00edsimo, solo pru\u00e9balo y as\u00ed que siempre tendr\u00e1s los mejores juegos de casino. Funciona con Android y otros sistemas, as\u00ed que cero problemas.<\/p>\n<p>\u00bfPor qu\u00e9 mola tanto la aplicaci\u00f3n de Savaspin Casino?<\/p>\n<ul>\n<li>Tiene buena nota: 4.8 de 5<\/li>\n<li>Un mont\u00f3n de juegos para elegir<\/li>\n<li>Pagan muy r\u00e1pido<\/li>\n<li>Siempre hay ayuda disponible<\/li>\n<\/ul>\n<h2>Juega con la mente fr\u00eda<\/h2>\n<p>Los casinos en l\u00ednea deber\u00edan ser un rato agradable y sin riesgos. Jugar con responsabilidad implica ponerte l\u00edmites y saber cu\u00e1ndo decir bastante.<\/p>\n<ul>\n<li>F\u00edjate un presupuesto<\/li>\n<li>Descansa de vez en cuando. No juegues sin parar durante mucho tiempo<\/li>\n<li>Exclusi\u00f3n voluntaria. Muchos casinos te dejan limitar tus dep\u00f3sitos o bloquear tu cuenta si lo necesitas<\/li>\n<li>Estate atento. Si el juego te est\u00e1 causando problemas de dinero o emocionales, busca ayuda<\/li>\n<\/ul>\n<p>Si t\u00fa o alguien cercano tiene problemas con el juego, hay servicios de autoayuda como Jugadores An\u00f3nimos y lugares de terapia individual y grupo, donde te pueden ayudar. Puedes jugar sin una pr\u00e1ctica irracional.<\/p>\n<h2>Preguntas frecuentes<\/h2>\n<h3>\u00bfC\u00f3mo puedo depositar en Sava Spin Casino?<\/h3>\n<p>Inicie sesi\u00f3n en su cuenta personal como de costumbre en Sava Spin Casino. Vaya a la secci\u00f3n Bancaria para depositar dinero. Dale a Depositar y escoge c\u00f3mo quieres pagar en Sava Spin. Revisa la cantidad m\u00ednima que necesitas, pon tus datos de pago y confirma. Casi todos los dep\u00f3sitos se procesan al instante, as\u00ed que podr\u00e1s tener acceso a los juegos de casino y jugar enseguida. Si usas Bitcoin, te daremos una direcci\u00f3n \u00fanica para tu monedero.<\/p>\n<h3>\u00bfCu\u00e1nto es lo m\u00ednimo y lo m\u00e1ximo que puedo depositar?<\/h3>\n<p>En Savaspin Casino, el m\u00ednimo para depositar es 20\u202f\u20ac o lo equivalente en tu moneda (de tu pa\u00eds). Para criptomonedas, los m\u00ednimos suelen ser similares. Los l\u00edmites m\u00e1ximos tambi\u00e9n dependen del tipo de pago: los monederos electr\u00f3nicos suelen permitir hasta 10.000\u202f\u20ac, las tarjetas de cr\u00e9dito hasta 5.000\u202f\u20ac y las transferencias bancarias pueden superar esas cantidades. Los jugadores VIP pueden solicitar l\u00edmites m\u00e1s altos contactando con el servicio de atenci\u00f3n al cliente.<\/p>\n<h3>\u00bfC\u00f3mo puedo retirar mis ganancias en Savaspin Casino?<\/h3>\n<p>Sacar tu dinero en Savaspin Casino es elemental. Entra en tu cuenta, busca la secci\u00f3n de Dep\u00f3sito y dale a \u201cRetirar\u201d. Escoge c\u00f3mo quieres que te paguemos (si se puede, igual que cuando ingresaste dinero), pon cu\u00e1nto quieres sacar y confirma. Deber\u00e1s completar el proceso de verificaci\u00f3n antes de solicitar tu primera retirada y tener acceso a los juegos de casino. Por motivos de seguridad, Savaspin devuelve los fondos al m\u00e9todo de retirar dinero siempre que sea posible. Si no lo es, se te ofrecer\u00e1n alternativas. \u200b\u200bSavaspin da tiempo para el pago r\u00e1pido.<\/p>\n<h3>\u00bfCu\u00e1les son los tiempos de procesamiento para las retiradas?<\/h3>\n<p>Los tiempos de retirar dinero en Savaspin casino online dependen del m\u00e9todo de pago utilizado. La revisi\u00f3n inicial de la solicitud puede tardar hasta 24 horas. Las retiradas a PayPal, Skrill y Neteller suelen completarse dentro de las 24 horas tras la aprobaci\u00f3n. Las criptomonedas se procesan entre 1 y 24 horas. Las transferencias bancarias pueden tardar de 3 a 5 d\u00edas laborables, mientras que las retiradas a tarjetas de cr\u00e9dito o d\u00e9bito tardan entre 1 y 3 d\u00edas laborables. Ten en cuenta que algunos bancos no procesan pagos durante el fin de semana, lo que puede causar retrasos. Sava Spin tiempo de pago breve.<\/p>\n<h3>\u00bfSe aplican comisiones a las transacciones?<\/h3>\n<p>Savaspin Casino se enorgullece de ofrecer dep\u00f3sitos sin comisiones para todos los m\u00e9todos de pago. Cubrimos la mayor\u00eda de los costes de procesamiento de las retiradas, por lo que recibir\u00e1s tus ganancias sin deducciones. No obstante, algunos proveedores pueden aplicar cargos por conversiones de divisas o transferencias internacionales. Las transacciones con Bitcoin pueden tener peque\u00f1as comisiones de red ajenas a nuestro control. Consulta con tu proveedor de pago los posibles costes complementarios. En dudas, escr\u00edbenos un mensaje al support team. Siempre estamos disponibles a trav\u00e9s del Live Chat (en vivo), \u00a1as\u00ed que no dudes en comunicarte! Los jugadores VIP disfrutan de l\u00edmites m\u00e1s altos y procesamiento m\u00e1s r\u00e1pido.<\/p>\n<\/div><\/div><\/p>\n","protected":false},"excerpt":{"rendered":"<p>Sava spin m\u00e9todos de dep\u00f3sito y retiro Nuestro casino enfoca los pagos r\u00e1pidos y diligentes \u2013 especialmente con los Sava Spin m\u00e9todos de dep\u00f3sito se puede incrementar su experiencia de juego de todo. Nuestra plataforma ofrece varios m\u00e9todos de dep\u00f3sito y retirada, tanto con monedas tradicionales como con criptomonedas. Nuestro sistema de pagos protege tus [&hellip;]<\/p>\n","protected":false},"author":1,"featured_media":0,"parent":0,"menu_order":0,"comment_status":"closed","ping_status":"closed","template":"template-builder.php","meta":{"_acf_changed":false,"inline_featured_image":false,"footnotes":""},"class_list":["post-1882","page","type-page","status-publish","hentry"],"acf":[],"yoast_head":"<!-- This site is optimized with the Yoast SEO plugin v27.3 - https:\/\/yoast.com\/product\/yoast-seo-wordpress\/ -->\n<title>M\u00e9todos de Pago Sava Spin \u2013 Dep\u00f3sitos y Retiros Seguros<\/title>\n<meta name=\"description\" content=\"Descubre los m\u00e9todos de pago de Sava Spin: tarjetas, monederos electr\u00f3nicos, criptomonedas y transferencias. Dep\u00f3sitos instant\u00e1neos, retiros r\u00e1pidos y transacciones seguras 24\/7.\" \/>\n<meta name=\"robots\" content=\"index, follow, max-snippet:-1, max-image-preview:large, max-video-preview:-1\" \/>\n<link rel=\"canonical\" href=\"https:\/\/sava-spins.com\/es\/formas-de-pago\/\" \/>\n<meta property=\"og:locale\" content=\"es_ES\" \/>\n<meta property=\"og:type\" content=\"article\" \/>\n<meta property=\"og:title\" content=\"M\u00e9todos de Pago Sava Spin \u2013 Dep\u00f3sitos y Retiros Seguros\" \/>\n<meta property=\"og:description\" content=\"Descubre los m\u00e9todos de pago de Sava Spin: tarjetas, monederos electr\u00f3nicos, criptomonedas y transferencias. Dep\u00f3sitos instant\u00e1neos, retiros r\u00e1pidos y transacciones seguras 24\/7.\" \/>\n<meta property=\"og:url\" content=\"https:\/\/sava-spins.com\/es\/formas-de-pago\/\" \/>\n<meta property=\"og:site_name\" content=\"Savaspin\" \/>\n<meta property=\"article:modified_time\" content=\"2026-03-20T14:09:31+00:00\" \/>\n<meta name=\"twitter:card\" content=\"summary_large_image\" \/>\n<meta name=\"twitter:label1\" content=\"Est. reading time\" \/>\n\t<meta name=\"twitter:data1\" content=\"1 minuto\" \/>\n<script type=\"application\/ld+json\" class=\"yoast-schema-graph\">{\"@context\":\"https:\\\/\\\/schema.org\",\"@graph\":[{\"@type\":\"WebPage\",\"@id\":\"https:\\\/\\\/sava-spins.com\\\/es\\\/formas-de-pago\\\/\",\"url\":\"https:\\\/\\\/sava-spins.com\\\/es\\\/formas-de-pago\\\/\",\"name\":\"M\u00e9todos de Pago Sava Spin \u2013 Dep\u00f3sitos y Retiros Seguros\",\"isPartOf\":{\"@id\":\"https:\\\/\\\/sava-spins.com\\\/es\\\/#website\"},\"datePublished\":\"2026-03-17T07:34:25+00:00\",\"dateModified\":\"2026-03-20T14:09:31+00:00\",\"description\":\"Descubre los m\u00e9todos de pago de Sava Spin: tarjetas, monederos electr\u00f3nicos, criptomonedas y transferencias. Dep\u00f3sitos instant\u00e1neos, retiros r\u00e1pidos y transacciones seguras 24\\\/7.\",\"breadcrumb\":{\"@id\":\"https:\\\/\\\/sava-spins.com\\\/es\\\/formas-de-pago\\\/#breadcrumb\"},\"inLanguage\":\"es\",\"potentialAction\":[{\"@type\":\"ReadAction\",\"target\":[\"https:\\\/\\\/sava-spins.com\\\/es\\\/formas-de-pago\\\/\"]}]},{\"@type\":\"BreadcrumbList\",\"@id\":\"https:\\\/\\\/sava-spins.com\\\/es\\\/formas-de-pago\\\/#breadcrumb\",\"itemListElement\":[{\"@type\":\"ListItem\",\"position\":1,\"name\":\"Savaspin\",\"item\":\"https:\\\/\\\/sava-spins.com\\\/es\\\/\"},{\"@type\":\"ListItem\",\"position\":2,\"name\":\"Formas de pago\"}]},{\"@type\":\"WebSite\",\"@id\":\"https:\\\/\\\/sava-spins.com\\\/es\\\/#website\",\"url\":\"https:\\\/\\\/sava-spins.com\\\/es\\\/\",\"name\":\"Savaspin\",\"description\":\"\",\"publisher\":{\"@id\":\"https:\\\/\\\/sava-spins.com\\\/es\\\/#organization\"},\"potentialAction\":[{\"@type\":\"SearchAction\",\"target\":{\"@type\":\"EntryPoint\",\"urlTemplate\":\"https:\\\/\\\/sava-spins.com\\\/es\\\/?s={search_term_string}\"},\"query-input\":{\"@type\":\"PropertyValueSpecification\",\"valueRequired\":true,\"valueName\":\"search_term_string\"}}],\"inLanguage\":\"es\"},{\"@type\":\"Organization\",\"@id\":\"https:\\\/\\\/sava-spins.com\\\/es\\\/#organization\",\"name\":\"Savaspin\",\"url\":\"https:\\\/\\\/sava-spins.com\\\/es\\\/\",\"logo\":{\"@type\":\"ImageObject\",\"inLanguage\":\"es\",\"@id\":\"https:\\\/\\\/sava-spins.com\\\/es\\\/#\\\/schema\\\/logo\\\/image\\\/\",\"url\":\"https:\\\/\\\/sava-spins.com\\\/wp-content\\\/uploads\\\/2026\\\/03\\\/Casino-logo-Mobile.png\",\"contentUrl\":\"https:\\\/\\\/sava-spins.com\\\/wp-content\\\/uploads\\\/2026\\\/03\\\/Casino-logo-Mobile.png\",\"width\":83,\"height\":32,\"caption\":\"Savaspin\"},\"image\":{\"@id\":\"https:\\\/\\\/sava-spins.com\\\/es\\\/#\\\/schema\\\/logo\\\/image\\\/\"}}]}<\/script>\n<!-- \/ Yoast SEO plugin. -->","yoast_head_json":{"title":"M\u00e9todos de Pago Sava Spin \u2013 Dep\u00f3sitos y Retiros Seguros","description":"Descubre los m\u00e9todos de pago de Sava Spin: tarjetas, monederos electr\u00f3nicos, criptomonedas y transferencias. Dep\u00f3sitos instant\u00e1neos, retiros r\u00e1pidos y transacciones seguras 24\/7.","robots":{"index":"index","follow":"follow","max-snippet":"max-snippet:-1","max-image-preview":"max-image-preview:large","max-video-preview":"max-video-preview:-1"},"canonical":"https:\/\/sava-spins.com\/es\/formas-de-pago\/","og_locale":"es_ES","og_type":"article","og_title":"M\u00e9todos de Pago Sava Spin \u2013 Dep\u00f3sitos y Retiros Seguros","og_description":"Descubre los m\u00e9todos de pago de Sava Spin: tarjetas, monederos electr\u00f3nicos, criptomonedas y transferencias. Dep\u00f3sitos instant\u00e1neos, retiros r\u00e1pidos y transacciones seguras 24\/7.","og_url":"https:\/\/sava-spins.com\/es\/formas-de-pago\/","og_site_name":"Savaspin","article_modified_time":"2026-03-20T14:09:31+00:00","twitter_card":"summary_large_image","twitter_misc":{"Est. reading time":"1 minuto"},"schema":{"@context":"https:\/\/schema.org","@graph":[{"@type":"WebPage","@id":"https:\/\/sava-spins.com\/es\/formas-de-pago\/","url":"https:\/\/sava-spins.com\/es\/formas-de-pago\/","name":"M\u00e9todos de Pago Sava Spin \u2013 Dep\u00f3sitos y Retiros Seguros","isPartOf":{"@id":"https:\/\/sava-spins.com\/es\/#website"},"datePublished":"2026-03-17T07:34:25+00:00","dateModified":"2026-03-20T14:09:31+00:00","description":"Descubre los m\u00e9todos de pago de Sava Spin: tarjetas, monederos electr\u00f3nicos, criptomonedas y transferencias. Dep\u00f3sitos instant\u00e1neos, retiros r\u00e1pidos y transacciones seguras 24\/7.","breadcrumb":{"@id":"https:\/\/sava-spins.com\/es\/formas-de-pago\/#breadcrumb"},"inLanguage":"es","potentialAction":[{"@type":"ReadAction","target":["https:\/\/sava-spins.com\/es\/formas-de-pago\/"]}]},{"@type":"BreadcrumbList","@id":"https:\/\/sava-spins.com\/es\/formas-de-pago\/#breadcrumb","itemListElement":[{"@type":"ListItem","position":1,"name":"Savaspin","item":"https:\/\/sava-spins.com\/es\/"},{"@type":"ListItem","position":2,"name":"Formas de pago"}]},{"@type":"WebSite","@id":"https:\/\/sava-spins.com\/es\/#website","url":"https:\/\/sava-spins.com\/es\/","name":"Savaspin","description":"","publisher":{"@id":"https:\/\/sava-spins.com\/es\/#organization"},"potentialAction":[{"@type":"SearchAction","target":{"@type":"EntryPoint","urlTemplate":"https:\/\/sava-spins.com\/es\/?s={search_term_string}"},"query-input":{"@type":"PropertyValueSpecification","valueRequired":true,"valueName":"search_term_string"}}],"inLanguage":"es"},{"@type":"Organization","@id":"https:\/\/sava-spins.com\/es\/#organization","name":"Savaspin","url":"https:\/\/sava-spins.com\/es\/","logo":{"@type":"ImageObject","inLanguage":"es","@id":"https:\/\/sava-spins.com\/es\/#\/schema\/logo\/image\/","url":"https:\/\/sava-spins.com\/wp-content\/uploads\/2026\/03\/Casino-logo-Mobile.png","contentUrl":"https:\/\/sava-spins.com\/wp-content\/uploads\/2026\/03\/Casino-logo-Mobile.png","width":83,"height":32,"caption":"Savaspin"},"image":{"@id":"https:\/\/sava-spins.com\/es\/#\/schema\/logo\/image\/"}}]}},"_links":{"self":[{"href":"https:\/\/sava-spins.com\/es\/wp-json\/wp\/v2\/pages\/1882","targetHints":{"allow":["GET"]}}],"collection":[{"href":"https:\/\/sava-spins.com\/es\/wp-json\/wp\/v2\/pages"}],"about":[{"href":"https:\/\/sava-spins.com\/es\/wp-json\/wp\/v2\/types\/page"}],"author":[{"embeddable":true,"href":"https:\/\/sava-spins.com\/es\/wp-json\/wp\/v2\/users\/1"}],"replies":[{"embeddable":true,"href":"https:\/\/sava-spins.com\/es\/wp-json\/wp\/v2\/comments?post=1882"}],"version-history":[{"count":4,"href":"https:\/\/sava-spins.com\/es\/wp-json\/wp\/v2\/pages\/1882\/revisions"}],"predecessor-version":[{"id":2263,"href":"https:\/\/sava-spins.com\/es\/wp-json\/wp\/v2\/pages\/1882\/revisions\/2263"}],"wp:attachment":[{"href":"https:\/\/sava-spins.com\/es\/wp-json\/wp\/v2\/media?parent=1882"}],"curies":[{"name":"wp","href":"https:\/\/api.w.org\/{rel}","templated":true}]}}