{"id":1449,"date":"2026-01-20T12:08:23","date_gmt":"2026-01-20T12:08:23","guid":{"rendered":"https:\/\/bonuskongcasino.com\/app-2\/"},"modified":"2026-03-17T12:09:14","modified_gmt":"2026-03-17T12:09:14","slug":"aplicacion","status":"publish","type":"page","link":"https:\/\/sava-spins.com\/es\/aplicacion\/","title":{"rendered":"Aplicaci\u00f3n"},"content":{"rendered":"<h1>SavaSpin app: todo lo que debes saber<\/h1>\n<p>La Sava Spin app es una plataforma m\u00f3vil r\u00e1pida, segura y pr\u00e1ctica que te ofrece toda la experiencia de un casino online directamente en la palma de tu mano. Lleva tu forma de jugar al siguiente nivel. Con la app de SavaSpin, da igual si te va lo de darle a las tragamonedas o echarte un buen blackjack, tienes miles de juegos al alcance de tu lado.<\/p>\n<p>La aplicaci\u00f3n de casino va de lujo tanto en Android como en iOS, as\u00ed que cero interrupciones. \u00bfQu\u00e9 prefieres jugar a lo grande? Sin problema, se adapta a cualquier pantalla. Y si lo tuyo es el ordenador, tambi\u00e9n va perfecta en Windows o macOS.<\/p>\n<p>Y por si fuera poco, con ofertas exclusivas para m\u00f3vil como \u20ac1500 + 250 giros gratis y el cashback semanal de hasta el 25%, nunca ha habido un mejor momento para unirte a la acci\u00f3n.<\/p>\n<div class=\"banner-wrap\" aria-label=\"Banner\"><img src=\"https:\/\/sava-spins.com\/wp-content\/uploads\/2026\/03\/lQmcUcTZIjgkRr0eWliB-1.png.webp\" class=\"w-100 d-none d-lg-block img-pc main-banner-img\" alt=\"Savaspin general desktop\" fetchpriority=\"high\" decoding=\"async\"><img src=\"https:\/\/sava-spins.com\/wp-content\/uploads\/2026\/03\/Savaspin-general-mobile-792.webp\" class=\"w-100 d-none d-md-block d-lg-none main-banner-img\" alt=\"Savaspin general mobile\" fetchpriority=\"high\" decoding=\"async\"><img src=\"https:\/\/sava-spins.com\/wp-content\/uploads\/2026\/03\/Savaspin-general-mobile-792.webp\" class=\"w-100 d-md-none\" alt=\"Savaspin general mobile\" fetchpriority=\"high\" decoding=\"async\"><div class=\"banner-description\">\n<div class=\"banner-title\">Bonos de bienvenida<\/div>\n<p class=\"banner-header-title\">1500 \u20ac<\/p>\n<div class=\"banner-header-AdditionalText\">+ 250 Tiradas gratis<\/div>\n<button data-item=\"homepage_banner_link\" class=\"goto m-button m-gradient-border m-button--primary m-button--large banner-button btn-orange\">\n            <div class=\"m-button-content\">\n                <span>Reg\u00edstrate ahora<\/span>\n                <span><\/span>\n            <\/div>\n        <\/button>\n<\/div>\n<div class=\"WelcomePack\">\n<p><img loading=\"lazy\" decoding=\"async\" class=\"alignnone size-full wp-image-2033\" src=\"https:\/\/sava-spins.com\/wp-content\/uploads\/2026\/03\/welcome-crown-1-1.png\" alt=\"welcome-crown\" width=\"25\" height=\"26\" \/><\/p>\n<div class=\"WelcomePack-Info\">Reembolso semanal de hasta el 25 %<\/div>\n<p><img loading=\"lazy\" decoding=\"async\" class=\"alignnone size-full wp-image-2033\" src=\"https:\/\/sava-spins.com\/wp-content\/uploads\/2026\/03\/welcome-crown-1-1.png\" alt=\"welcome-crown\" width=\"25\" height=\"26\" \/><\/p>\n<\/div>\n<\/div>\n<h2>Funciones principales de la aplicaci\u00f3n SavaSpin Casino<\/h2>\n<p>Con la app de SavaSpin casino, ya sea que te guste el juego de tragamonedas o el blackjack, tienes miles de juegos de casino al alcance de tu mano, \u00a1literalmente!<\/p>\n<p>La aplicaci\u00f3n m\u00f3vil va de maravilla tanto en Android como en iOS, as\u00ed que no tendr\u00e1s problemas ni interrupciones. \u00bfTe va m\u00e1s jugar en una pantalla grande? Se adapta genial a cualquier tama\u00f1o. Y si quieres, tambi\u00e9n puedes jugar desde tu compu, ya sea Windows o macOS. Pero ojo, la aplicaci\u00f3n m\u00f3vil de SavaSpin casino no es solo para jugar, \u00a1es todo un centro de diversi\u00f3n para novatos y expertos!<\/p>\n<p>Aqu\u00ed te van algunas cosas interesantes que tiene la app m\u00f3vil:<\/p>\n<ul>\n<li>El casino tiene m\u00e1s de 6.000 juegos: las tragamonedas, el blackjack, el p\u00f3ker, la ruleta y claro que hay unas partidas de casino m\u00f3vil con crupieres de verdad. Todo desde tu celular, tablet o lo que uses.<\/li>\n<li>Bonos para perseguir: desde bonos grandes de bienvenida hasta devoluciones semanales y promos solo para ti, la app est\u00e1 llena de regalos.<\/li>\n<li>F\u00e1cil de usar: encontrar\u00e1s cualquier juego o lo que necesites superr\u00e1pido, todo carga al instante y el dise\u00f1o es perfecto para el cel.<\/li>\n<li>Cero riesgos: tus datos y tu plata est\u00e1n bien guardados con sistemas de seguridad de punta, as\u00ed que puedes jugar sin preocupaciones.<\/li>\n<li>Donde quieras: b\u00e1jate SavaSpin, \u00e1brete una cuenta y juega desde tu Android, tu iPhone o directo en la computadora, sin l\u00edmites.<\/li>\n<li>Siempre listos para ayudarte: Si tienes dudas, el equipo de atenci\u00f3n al cliente est\u00e1 disponible todo el d\u00eda por chat o correo, directo desde la app.<\/li>\n<\/ul>\n<p><div class=\"scrollable-content-wrap my-5\"><div class=\"scrollable-content-inner\"><h2>SavaSpin APK Android<\/h2>\n<p>\u00a1La app de Sava Spin casino est\u00e1 lista para tu Android! Puedes bajarla en casi cualquier tel\u00e9fono reciente y tener en tu bolsillo m\u00e1s de 6.000 juegos de casino m\u00f3vil. Funciona bastante bien y baja r\u00e1pido sin errores.<\/p>\n<p>\u00bfQuieres la app en tu Android? \u00a1Es f\u00e1cil! Mira como:<\/p>\n<ol>\n<li>Ve a la p\u00e1gina de SavaSpin casino m\u00f3vil desde tu celular.<\/li>\n<li>Dale clic al enlace para bajar el archivo APK de SavaSpin.<\/li>\n<li>En tu tel\u00e9fono, busca la opci\u00f3n para permitir instalar apps de fuentes desconocidas (esto es para que se instale bien).<\/li>\n<li>Encuentra el archivo APK que bajaste y dale clic para instalarlo.<\/li>\n<li>\u00a1Listo! Abre la aplicaci\u00f3n m\u00f3vil, entra a tu cuenta o crea una y puedes jugar.<\/li>\n<\/ol>\n<h3>M\u00e9todos de Dep\u00f3sito (Android)<\/h3>\n<p>La versi\u00f3n Android de Sava Spin funciona de maravilla en todos los celulares modernos y tiene todo lo que necesitas (igual que en la computadora) como bonos, torneos y ayuda en vivo.<\/p>\n<p>Depositar es f\u00e1cil porque aceptamos tarjetas, PayPal y hasta Google Pay o Apple Pay, dependiendo de d\u00f3nde est\u00e9s. Todo es r\u00e1pido, seguro y tus datos est\u00e1n bien protegidos.<\/p>\n<p>Adem\u00e1s, \u00a1hay promos especiales si depositas por la app! Puedes controlar tus m\u00e9todos de dep\u00f3sito al instante mientras juegas. \u00a1Ahora jugar en tu Android es m\u00e1s f\u00e1cil y seguro que nunca!<\/p>\n<p><img loading=\"lazy\" decoding=\"async\" class=\"alignnone size-full wp-image-2068\" src=\"https:\/\/sava-spins.com\/wp-content\/uploads\/2026\/03\/Savaspin-Casino-for-Android.webp\" alt=\"Savaspin Casino for Android\" width=\"1248\" height=\"536\" srcset=\"https:\/\/sava-spins.com\/wp-content\/uploads\/2026\/03\/Savaspin-Casino-for-Android.webp 1248w, https:\/\/sava-spins.com\/wp-content\/uploads\/2026\/03\/Savaspin-Casino-for-Android-300x129.webp 300w, https:\/\/sava-spins.com\/wp-content\/uploads\/2026\/03\/Savaspin-Casino-for-Android-1024x440.webp 1024w, https:\/\/sava-spins.com\/wp-content\/uploads\/2026\/03\/Savaspin-Casino-for-Android-768x330.webp 768w\" sizes=\"auto, (max-width: 1248px) 100vw, 1248px\" \/><\/p>\n<\/div><\/div><div style=\"clear: both\"><\/div><div class=\"d-flex justify-content-center\"><button data-item=\"decouvrez_link\" data-group=\"website_links\" class=\"goto fw-bold rounded-pill btn btn-orange\" aria-label=\"Descarga la aplicaci\u00f3n Savaspin\" >Descarga la aplicaci\u00f3n Savaspin<\/button><\/div><div class=\"scrollable-content-wrap my-5\"><div class=\"scrollable-content-inner\"><h2>Aplicaci\u00f3n de Sava Spin Casino Para Tu Dispositivo iOS<\/h2>\n<p>Ahora, es verdaderamente genial si tienes el dispositivo para poder jugar. Ahora puedes llevar toda la diversi\u00f3n de SavaSpin casino m\u00f3vil contigo. Nuestra app para iOS te da la mejor experiencia de juego, fluida y segura.<\/p>\n<p>Aqu\u00ed te digo lo f\u00e1cil que es tenerla:<\/p>\n<ol>\n<li>Abra la App Store en tu iPhone o iPad.<\/li>\n<li>Escribe Sava Spin Casino en el buscador.<\/li>\n<li>Da clic en Obtener y usa tu Face ID, Touch ID o contrase\u00f1a para instalarla.<\/li>\n<li>\u00a1Listo! Abre la app, entra con tu cuenta o crea una, \u00a1y a jugar!<\/li>\n<\/ol>\n<h3>Opciones de pago<\/h3>\n<p>Con la app para iOS tienes todo: m\u00e9todos de pago c\u00f3modos, varios juegos como tragamonedas, juegos en vivo, bonos de bienvenida y promos semanales. Todo se ve genial en tu iPhone o iPad, asequible de usar.<\/p>\n<p>Y algo m\u00e1s: te avisaremos al instante de las promos nuevas, juegos y torneos para que no te pierdas nada y siempre tengas chance de ganar.<\/p>\n<p><img loading=\"lazy\" decoding=\"async\" class=\"alignnone size-full wp-image-2092\" src=\"https:\/\/sava-spins.com\/wp-content\/uploads\/2026\/03\/Savaspin-Casino-for-iOS.webp\" alt=\"Savaspin Casino for iOS\" width=\"1248\" height=\"536\" srcset=\"https:\/\/sava-spins.com\/wp-content\/uploads\/2026\/03\/Savaspin-Casino-for-iOS.webp 1248w, https:\/\/sava-spins.com\/wp-content\/uploads\/2026\/03\/Savaspin-Casino-for-iOS-300x129.webp 300w, https:\/\/sava-spins.com\/wp-content\/uploads\/2026\/03\/Savaspin-Casino-for-iOS-1024x440.webp 1024w, https:\/\/sava-spins.com\/wp-content\/uploads\/2026\/03\/Savaspin-Casino-for-iOS-768x330.webp 768w\" sizes=\"auto, (max-width: 1248px) 100vw, 1248px\" \/><\/p>\n<\/div><\/div><div style=\"clear: both\"><\/div><div class=\"d-flex justify-content-center\"><button data-item=\"decouvrez_link\" data-group=\"website_links\" class=\"goto fw-bold rounded-pill btn btn-orange\" aria-label=\"Descarga la aplicaci\u00f3n Savaspin\" >Descarga la aplicaci\u00f3n Savaspin<\/button><\/div><div class=\"scrollable-content-wrap my-5\"><div class=\"scrollable-content-inner\"><h2>Aplicaci\u00f3n de SavaSpin Casino para Windows y Mac OS<\/h2>\n<p>\u00bfTe gusta jugar a lo grande? Con SavaSpin Casino Online, puedes entrar directo desde tu computador sin bajar nada. Solo ve a nuestra p\u00e1gina web para jugar.<\/p>\n<p>As\u00ed de f\u00e1cil:<\/p>\n<ul>\n<li>Sin apps inc\u00f3modas. Abre tu navegador en Windows o Mac y entra a Sava Spin Casino. Est\u00e1 hecho justo para computadores.<\/li>\n<li>Si quieres algo m\u00e1s personal, tenemos una versi\u00f3n para bajar a tu computador. As\u00ed entras m\u00e1s r\u00e1pido y todo va m\u00e1s fluido.<\/li>\n<li>No importa si juegas en tu celular o computador, todo se guarda igualito: tus avances, puntos y bonos. Empieza en tu celular y sigue en tu computador sin problema.<\/li>\n<li>Perfecto si quieres todo a la mano y disfrutar jugando en una pantalla grande.<\/li>\n<\/ul>\n<p><img loading=\"lazy\" decoding=\"async\" class=\"alignnone size-full wp-image-2076\" src=\"https:\/\/sava-spins.com\/wp-content\/uploads\/2026\/03\/Savaspin-Application-for-PC.webp\" alt=\"Savaspin Application for PC\" width=\"1248\" height=\"536\" srcset=\"https:\/\/sava-spins.com\/wp-content\/uploads\/2026\/03\/Savaspin-Application-for-PC.webp 1248w, https:\/\/sava-spins.com\/wp-content\/uploads\/2026\/03\/Savaspin-Application-for-PC-300x129.webp 300w, https:\/\/sava-spins.com\/wp-content\/uploads\/2026\/03\/Savaspin-Application-for-PC-1024x440.webp 1024w, https:\/\/sava-spins.com\/wp-content\/uploads\/2026\/03\/Savaspin-Application-for-PC-768x330.webp 768w\" sizes=\"auto, (max-width: 1248px) 100vw, 1248px\" \/><\/p>\n<\/div><\/div><div style=\"clear: both\"><\/div><div class=\"d-flex justify-content-center\"><button data-item=\"decouvrez_link\" data-group=\"website_links\" class=\"goto fw-bold rounded-pill btn btn-orange\" aria-label=\"Descarga la aplicaci\u00f3n Savaspin\" >Descarga la aplicaci\u00f3n Savaspin<\/button><\/div><div class=\"scrollable-content-wrap my-5\"><div class=\"scrollable-content-inner\"><h2>Preguntas Frecuentes<\/h2>\n<h3>\u00bfEl soporte al cliente est\u00e1 disponible desde la App de SavaSpin Casino?<\/h3>\n<p>\u00a1Claro que s\u00ed! En la app de Savaspin Casino, tienes atenci\u00f3n al cliente disponible todo el tiempo, todos los d\u00edas. Puedes hablar directamente con ellos por chat o mandarles un correo. Si tienes alguna duda sobre tu cuenta, c\u00f3mo sacar dinero o los bonos, te ayudar\u00e1n al toque, de manera amable y cuando quieras.<\/p>\n<h3>\u00bfExiste una app de Sava Spin Casino para Windows y macOS?<\/h3>\n<p>S\u00ed, puedes bajar una versi\u00f3n para tu computadora desde la p\u00e1gina oficial. As\u00ed, todo va m\u00e1s r\u00e1pido y es m\u00e1s f\u00e1cil entrar. Pero si quieres, tambi\u00e9n puedes usar el casino m\u00f3vil desde tu navegador en Windows o Mac, \u00a1funciona perfecto!<\/p>\n<h3>\u00bfNecesito una cuenta para usar la app de SavaSpin Casino?<\/h3>\n<p>As\u00ed es. Necesitas crear tu cuenta para poder jugar con dinero de verdad, usar los bonos y pedir ayuda al equipo de atenci\u00f3n al cliente. Abrir la cuenta es bien r\u00e1pido y seguro. Una vez que te registres, puedes usar tu cuenta en tu celular Android, iPhone o en la computadora.<\/p>\n<h3>\u00bfPuedo jugar juegos en vivo desde la app de Sava Spin Casino?<\/h3>\n<p>\u00a1Por supuesto! En la app de SavaSpin, hay una secci\u00f3n de casino m\u00f3vil con personas de verdad. Puedes jugar a t\u00edtulos de Evolution Gaming como Blackjack, Ruleta, Bacar\u00e1 y muchos otros juegos en vivo. Todo est\u00e1 hecho para que funcione perfecto en tu celular, con im\u00e1genes de alta calidad y opciones para que juegues como si estuvieras ah\u00ed.<\/p>\n<h3>\u00bfEst\u00e1n todos los juegos disponibles en la app?<\/h3>\n<p>S\u00ed, en la app de Savaspin Casino tienes todos los juegos que te gustan: juegos de tragamonedas, de mesa, pozos acumulados y el casino m\u00f3vil. No importa si usas un Android, un iPhone o una computadora, siempre vas a encontrar los mismos juegos y la misma calidad que en la p\u00e1gina web.<\/p>\n<h3>\u00bfC\u00f3mo actualizo la app de SavaSpin Casino?<\/h3>\n<p>Depende de tu celular. Si tienes un iPhone, las actualizaciones se hacen solas por medio de la App Store. Si tienes un Android, tienes que bajar la \u00faltima versi\u00f3n del archivo APK desde la p\u00e1gina oficial. Lo mejor es tener siempre la versi\u00f3n m\u00e1s nueva para que todo ande bien y seguro.<\/p>\n<h3>\u00bfC\u00f3mo retiro mis ganancias desde la app?<\/h3>\n<p>Para sacar tus ganancias, entra a la app de SavaSpin Casino, busca la secci\u00f3n de Dep\u00f3sito, toca Retirar, elige m\u00e9todos de pago preferidos, c\u00f3mo quieres que te paguen y escribe cu\u00e1nto quieres sacar. La mayor\u00eda de los retiros tardan entre uno y dos d\u00edas; depende de c\u00f3mo elegiste que te paguen y si ya verificaste tu cuenta. Es importante que hagas la verificaci\u00f3n antes de sacar el dinero.<\/p>\n<\/div><\/div><\/p>\n","protected":false},"excerpt":{"rendered":"<p>SavaSpin app: todo lo que debes saber La Sava Spin app es una plataforma m\u00f3vil r\u00e1pida, segura y pr\u00e1ctica que te ofrece toda la experiencia de un casino online directamente en la palma de tu mano. Lleva tu forma de jugar al siguiente nivel. Con la app de SavaSpin, da igual si te va lo [&hellip;]<\/p>\n","protected":false},"author":1,"featured_media":0,"parent":0,"menu_order":0,"comment_status":"closed","ping_status":"closed","template":"template-builder.php","meta":{"_acf_changed":false,"inline_featured_image":false,"footnotes":""},"class_list":["post-1449","page","type-page","status-publish","hentry"],"acf":[],"yoast_head":"<!-- This site is optimized with the Yoast SEO plugin v27.3 - https:\/\/yoast.com\/product\/yoast-seo-wordpress\/ -->\n<title>App Sava Spin \u2013 Juega en Android, iOS, Windows y Mac<\/title>\n<meta name=\"description\" content=\"Descarga la app Sava Spin para Android, iOS, Windows y Mac. Juega a m\u00e1s de 6000 juegos con bono de 1500 \u20ac + 250 giros gratis, 25 % cashback y soporte 24\/7.\" \/>\n<meta name=\"robots\" content=\"index, follow, max-snippet:-1, max-image-preview:large, max-video-preview:-1\" \/>\n<link rel=\"canonical\" href=\"https:\/\/sava-spins.com\/es\/aplicacion\/\" \/>\n<meta property=\"og:locale\" content=\"es_ES\" \/>\n<meta property=\"og:type\" content=\"article\" \/>\n<meta property=\"og:title\" content=\"App Sava Spin \u2013 Juega en Android, iOS, Windows y Mac\" \/>\n<meta property=\"og:description\" content=\"Descarga la app Sava Spin para Android, iOS, Windows y Mac. Juega a m\u00e1s de 6000 juegos con bono de 1500 \u20ac + 250 giros gratis, 25 % cashback y soporte 24\/7.\" \/>\n<meta property=\"og:url\" content=\"https:\/\/sava-spins.com\/es\/aplicacion\/\" \/>\n<meta property=\"og:site_name\" content=\"Savaspin\" \/>\n<meta property=\"article:modified_time\" content=\"2026-03-17T12:09:14+00:00\" \/>\n<meta name=\"twitter:card\" content=\"summary_large_image\" \/>\n<meta name=\"twitter:label1\" content=\"Est. reading time\" \/>\n\t<meta name=\"twitter:data1\" content=\"2 minutos\" \/>\n<script type=\"application\/ld+json\" class=\"yoast-schema-graph\">{\"@context\":\"https:\\\/\\\/schema.org\",\"@graph\":[{\"@type\":\"WebPage\",\"@id\":\"https:\\\/\\\/sava-spins.com\\\/es\\\/aplicacion\\\/\",\"url\":\"https:\\\/\\\/sava-spins.com\\\/es\\\/aplicacion\\\/\",\"name\":\"App Sava Spin \u2013 Juega en Android, iOS, Windows y Mac\",\"isPartOf\":{\"@id\":\"https:\\\/\\\/sava-spins.com\\\/es\\\/#website\"},\"datePublished\":\"2026-01-20T12:08:23+00:00\",\"dateModified\":\"2026-03-17T12:09:14+00:00\",\"description\":\"Descarga la app Sava Spin para Android, iOS, Windows y Mac. Juega a m\u00e1s de 6000 juegos con bono de 1500 \u20ac + 250 giros gratis, 25 % cashback y soporte 24\\\/7.\",\"breadcrumb\":{\"@id\":\"https:\\\/\\\/sava-spins.com\\\/es\\\/aplicacion\\\/#breadcrumb\"},\"inLanguage\":\"es\",\"potentialAction\":[{\"@type\":\"ReadAction\",\"target\":[\"https:\\\/\\\/sava-spins.com\\\/es\\\/aplicacion\\\/\"]}]},{\"@type\":\"BreadcrumbList\",\"@id\":\"https:\\\/\\\/sava-spins.com\\\/es\\\/aplicacion\\\/#breadcrumb\",\"itemListElement\":[{\"@type\":\"ListItem\",\"position\":1,\"name\":\"Savaspin\",\"item\":\"https:\\\/\\\/sava-spins.com\\\/es\\\/\"},{\"@type\":\"ListItem\",\"position\":2,\"name\":\"Aplicaci\u00f3n\"}]},{\"@type\":\"WebSite\",\"@id\":\"https:\\\/\\\/sava-spins.com\\\/es\\\/#website\",\"url\":\"https:\\\/\\\/sava-spins.com\\\/es\\\/\",\"name\":\"Savaspin\",\"description\":\"\",\"publisher\":{\"@id\":\"https:\\\/\\\/sava-spins.com\\\/es\\\/#organization\"},\"potentialAction\":[{\"@type\":\"SearchAction\",\"target\":{\"@type\":\"EntryPoint\",\"urlTemplate\":\"https:\\\/\\\/sava-spins.com\\\/es\\\/?s={search_term_string}\"},\"query-input\":{\"@type\":\"PropertyValueSpecification\",\"valueRequired\":true,\"valueName\":\"search_term_string\"}}],\"inLanguage\":\"es\"},{\"@type\":\"Organization\",\"@id\":\"https:\\\/\\\/sava-spins.com\\\/es\\\/#organization\",\"name\":\"Savaspin\",\"url\":\"https:\\\/\\\/sava-spins.com\\\/es\\\/\",\"logo\":{\"@type\":\"ImageObject\",\"inLanguage\":\"es\",\"@id\":\"https:\\\/\\\/sava-spins.com\\\/es\\\/#\\\/schema\\\/logo\\\/image\\\/\",\"url\":\"https:\\\/\\\/sava-spins.com\\\/wp-content\\\/uploads\\\/2026\\\/03\\\/Casino-logo-Mobile.png\",\"contentUrl\":\"https:\\\/\\\/sava-spins.com\\\/wp-content\\\/uploads\\\/2026\\\/03\\\/Casino-logo-Mobile.png\",\"width\":83,\"height\":32,\"caption\":\"Savaspin\"},\"image\":{\"@id\":\"https:\\\/\\\/sava-spins.com\\\/es\\\/#\\\/schema\\\/logo\\\/image\\\/\"}}]}<\/script>\n<!-- \/ Yoast SEO plugin. -->","yoast_head_json":{"title":"App Sava Spin \u2013 Juega en Android, iOS, Windows y Mac","description":"Descarga la app Sava Spin para Android, iOS, Windows y Mac. Juega a m\u00e1s de 6000 juegos con bono de 1500 \u20ac + 250 giros gratis, 25 % cashback y soporte 24\/7.","robots":{"index":"index","follow":"follow","max-snippet":"max-snippet:-1","max-image-preview":"max-image-preview:large","max-video-preview":"max-video-preview:-1"},"canonical":"https:\/\/sava-spins.com\/es\/aplicacion\/","og_locale":"es_ES","og_type":"article","og_title":"App Sava Spin \u2013 Juega en Android, iOS, Windows y Mac","og_description":"Descarga la app Sava Spin para Android, iOS, Windows y Mac. Juega a m\u00e1s de 6000 juegos con bono de 1500 \u20ac + 250 giros gratis, 25 % cashback y soporte 24\/7.","og_url":"https:\/\/sava-spins.com\/es\/aplicacion\/","og_site_name":"Savaspin","article_modified_time":"2026-03-17T12:09:14+00:00","twitter_card":"summary_large_image","twitter_misc":{"Est. reading time":"2 minutos"},"schema":{"@context":"https:\/\/schema.org","@graph":[{"@type":"WebPage","@id":"https:\/\/sava-spins.com\/es\/aplicacion\/","url":"https:\/\/sava-spins.com\/es\/aplicacion\/","name":"App Sava Spin \u2013 Juega en Android, iOS, Windows y Mac","isPartOf":{"@id":"https:\/\/sava-spins.com\/es\/#website"},"datePublished":"2026-01-20T12:08:23+00:00","dateModified":"2026-03-17T12:09:14+00:00","description":"Descarga la app Sava Spin para Android, iOS, Windows y Mac. Juega a m\u00e1s de 6000 juegos con bono de 1500 \u20ac + 250 giros gratis, 25 % cashback y soporte 24\/7.","breadcrumb":{"@id":"https:\/\/sava-spins.com\/es\/aplicacion\/#breadcrumb"},"inLanguage":"es","potentialAction":[{"@type":"ReadAction","target":["https:\/\/sava-spins.com\/es\/aplicacion\/"]}]},{"@type":"BreadcrumbList","@id":"https:\/\/sava-spins.com\/es\/aplicacion\/#breadcrumb","itemListElement":[{"@type":"ListItem","position":1,"name":"Savaspin","item":"https:\/\/sava-spins.com\/es\/"},{"@type":"ListItem","position":2,"name":"Aplicaci\u00f3n"}]},{"@type":"WebSite","@id":"https:\/\/sava-spins.com\/es\/#website","url":"https:\/\/sava-spins.com\/es\/","name":"Savaspin","description":"","publisher":{"@id":"https:\/\/sava-spins.com\/es\/#organization"},"potentialAction":[{"@type":"SearchAction","target":{"@type":"EntryPoint","urlTemplate":"https:\/\/sava-spins.com\/es\/?s={search_term_string}"},"query-input":{"@type":"PropertyValueSpecification","valueRequired":true,"valueName":"search_term_string"}}],"inLanguage":"es"},{"@type":"Organization","@id":"https:\/\/sava-spins.com\/es\/#organization","name":"Savaspin","url":"https:\/\/sava-spins.com\/es\/","logo":{"@type":"ImageObject","inLanguage":"es","@id":"https:\/\/sava-spins.com\/es\/#\/schema\/logo\/image\/","url":"https:\/\/sava-spins.com\/wp-content\/uploads\/2026\/03\/Casino-logo-Mobile.png","contentUrl":"https:\/\/sava-spins.com\/wp-content\/uploads\/2026\/03\/Casino-logo-Mobile.png","width":83,"height":32,"caption":"Savaspin"},"image":{"@id":"https:\/\/sava-spins.com\/es\/#\/schema\/logo\/image\/"}}]}},"_links":{"self":[{"href":"https:\/\/sava-spins.com\/es\/wp-json\/wp\/v2\/pages\/1449","targetHints":{"allow":["GET"]}}],"collection":[{"href":"https:\/\/sava-spins.com\/es\/wp-json\/wp\/v2\/pages"}],"about":[{"href":"https:\/\/sava-spins.com\/es\/wp-json\/wp\/v2\/types\/page"}],"author":[{"embeddable":true,"href":"https:\/\/sava-spins.com\/es\/wp-json\/wp\/v2\/users\/1"}],"replies":[{"embeddable":true,"href":"https:\/\/sava-spins.com\/es\/wp-json\/wp\/v2\/comments?post=1449"}],"version-history":[{"count":4,"href":"https:\/\/sava-spins.com\/es\/wp-json\/wp\/v2\/pages\/1449\/revisions"}],"predecessor-version":[{"id":2225,"href":"https:\/\/sava-spins.com\/es\/wp-json\/wp\/v2\/pages\/1449\/revisions\/2225"}],"wp:attachment":[{"href":"https:\/\/sava-spins.com\/es\/wp-json\/wp\/v2\/media?parent=1449"}],"curies":[{"name":"wp","href":"https:\/\/api.w.org\/{rel}","templated":true}]}}